{"id":20,"date":"2024-06-06T18:04:24","date_gmt":"2024-06-06T18:04:24","guid":{"rendered":"https:\/\/mmyrelisstudy.wpenginepowered.com\/?page_id=20"},"modified":"2025-04-29T11:02:38","modified_gmt":"2025-04-29T11:02:38","slug":"about-the-mmyrelis-study","status":"publish","type":"page","link":"https:\/\/mmyrelisstudy.com\/pl-pl\/about-the-mmyrelis-study\/","title":{"rendered":"About the MMyrelis Study"},"content":{"rendered":"<div data-elementor-type=\"wp-page\" data-elementor-id=\"20\" class=\"elementor elementor-20\" data-elementor-post-type=\"page\">\n\t\t\t\t<div class=\"elementor-element elementor-element-a69cfa4 e-flex e-con-boxed e-con e-parent\" data-id=\"a69cfa4\" data-element_type=\"container\" data-e-type=\"container\" id=\"background-hero\" data-settings=\"{&quot;background_background&quot;:&quot;classic&quot;}\">\n\t\t\t\t\t<div class=\"e-con-inner\">\n\t\t<div class=\"elementor-element elementor-element-91bb1dc e-con-full e-flex e-con e-child\" data-id=\"91bb1dc\" data-element_type=\"container\" data-e-type=\"container\">\n\t\t\t\t<div class=\"elementor-element elementor-element-9447856 elementor-widget__width-initial elementor-widget elementor-widget-heading\" data-id=\"9447856\" data-element_type=\"widget\" data-e-type=\"widget\" data-widget_type=\"heading.default\">\n\t\t\t\t<div class=\"elementor-widget-container\">\n\t\t\t\t\t<h1 class=\"elementor-heading-title elementor-size-default\">Do\u0142\u0105cz do dzia\u0142a\u0144 na rzecz post\u0119pu bada\u0144 nad szpiczakiem mnogim\u00a0<\/h1>\t\t\t\t<\/div>\n\t\t\t\t<\/div>\n\t\t\t\t<div class=\"elementor-element elementor-element-f4ec9c9 elementor-widget__width-initial elementor-widget elementor-widget-heading\" data-id=\"f4ec9c9\" data-element_type=\"widget\" data-e-type=\"widget\" data-widget_type=\"heading.default\">\n\t\t\t\t<div class=\"elementor-widget-container\">\n\t\t\t\t\t<h3 class=\"elementor-heading-title elementor-size-default\">Sprawd\u017a, czy badanie kliniczne MMyrelis jest dla Ciebie odpowiednie\u00a0<\/h3>\t\t\t\t<\/div>\n\t\t\t\t<\/div>\n\t\t<div class=\"elementor-element elementor-element-01d7cad e-con-full e-flex e-con e-child\" data-id=\"01d7cad\" data-element_type=\"container\" data-e-type=\"container\">\n\t\t\t\t<div class=\"elementor-element elementor-element-f6c229d elementor-widget elementor-widget-button\" data-id=\"f6c229d\" data-element_type=\"widget\" data-e-type=\"widget\" data-widget_type=\"button.default\">\n\t\t\t\t<div class=\"elementor-widget-container\">\n\t\t\t\t\t\t\t\t\t<div class=\"elementor-button-wrapper\">\n\t\t\t\t\t<a class=\"elementor-button elementor-button-link elementor-size-sm\" href=\"\/pl-pl\/about-the-study\/\">\n\t\t\t\t\t\t<span class=\"elementor-button-content-wrapper\">\n\t\t\t\t\t\t\t\t\t<span class=\"elementor-button-text\">Dowiedz si\u0119 wi\u0119cej<\/span>\n\t\t\t\t\t<\/span>\n\t\t\t\t\t<\/a>\n\t\t\t\t<\/div>\n\t\t\t\t\t\t\t\t<\/div>\n\t\t\t\t<\/div>\n\t\t\t\t<div class=\"elementor-element elementor-element-4314564 elementor-widget elementor-widget-button\" data-id=\"4314564\" data-element_type=\"widget\" data-e-type=\"widget\" data-widget_type=\"button.default\">\n\t\t\t\t<div class=\"elementor-widget-container\">\n\t\t\t\t\t\t\t\t\t<div class=\"elementor-button-wrapper\">\n\t\t\t\t\t<a class=\"elementor-button elementor-button-link elementor-size-sm\" href=\"\/pl-pl\/about-the-study\/#video\">\n\t\t\t\t\t\t<span class=\"elementor-button-content-wrapper\">\n\t\t\t\t\t\t\t\t\t<span class=\"elementor-button-text\">Obejrzyj film<\/span>\n\t\t\t\t\t<\/span>\n\t\t\t\t\t<\/a>\n\t\t\t\t<\/div>\n\t\t\t\t\t\t\t\t<\/div>\n\t\t\t\t<\/div>\n\t\t\t\t<\/div>\n\t\t\t\t<\/div>\n\t\t<div class=\"elementor-element elementor-element-4b3bb2f e-con-full e-flex e-con e-child\" data-id=\"4b3bb2f\" data-element_type=\"container\" data-e-type=\"container\">\n\t\t\t\t<\/div>\n\t\t\t\t\t<\/div>\n\t\t\t\t<\/div>\n\t\t<div class=\"elementor-element elementor-element-6165017 e-flex e-con-boxed e-con e-parent\" data-id=\"6165017\" data-element_type=\"container\" data-e-type=\"container\">\n\t\t\t\t\t<div class=\"e-con-inner\">\n\t\t<div class=\"elementor-element elementor-element-2b60579 e-con-full e-flex e-con e-child\" data-id=\"2b60579\" data-element_type=\"container\" data-e-type=\"container\">\n\t\t\t\t<div class=\"elementor-element elementor-element-dbcc052 elementor-widget elementor-widget-image\" data-id=\"dbcc052\" data-element_type=\"widget\" data-e-type=\"widget\" data-widget_type=\"image.default\">\n\t\t\t\t<div class=\"elementor-widget-container\">\n\t\t\t\t\t\t\t\t\t\t\t\t\t\t\t<img fetchpriority=\"high\" decoding=\"async\" width=\"520\" height=\"520\" src=\"https:\/\/mmyrelisstudy.com\/wp-content\/uploads\/2025\/04\/About-MMyrelis.png\" class=\"attachment-full size-full wp-image-132\" alt=\"\" srcset=\"https:\/\/mmyrelisstudy.com\/wp-content\/uploads\/2025\/04\/About-MMyrelis.png 520w, https:\/\/mmyrelisstudy.com\/wp-content\/uploads\/2025\/04\/About-MMyrelis-300x300.png 300w, https:\/\/mmyrelisstudy.com\/wp-content\/uploads\/2025\/04\/About-MMyrelis-150x150.png 150w, https:\/\/mmyrelisstudy.com\/wp-content\/uploads\/2025\/04\/About-MMyrelis-12x12.png 12w\" sizes=\"(max-width: 520px) 100vw, 520px\" \/>\t\t\t\t\t\t\t\t\t\t\t\t\t\t\t<\/div>\n\t\t\t\t<\/div>\n\t\t\t\t<\/div>\n\t\t<div class=\"elementor-element elementor-element-244eb6d e-con-full e-flex e-con e-child\" data-id=\"244eb6d\" data-element_type=\"container\" data-e-type=\"container\">\n\t\t\t\t<div class=\"elementor-element elementor-element-991ce7a elementor-widget elementor-widget-heading\" data-id=\"991ce7a\" data-element_type=\"widget\" data-e-type=\"widget\" data-widget_type=\"heading.default\">\n\t\t\t\t<div class=\"elementor-widget-container\">\n\t\t\t\t\t<h2 class=\"elementor-heading-title elementor-size-default\">Informacje o szpiczaku mnogim i zaka\u017ceniach\u00a0<\/h2>\t\t\t\t<\/div>\n\t\t\t\t<\/div>\n\t\t\t\t<div class=\"elementor-element elementor-element-7d08de8 elementor-widget elementor-widget-text-editor\" data-id=\"7d08de8\" data-element_type=\"widget\" data-e-type=\"widget\" data-widget_type=\"text-editor.default\">\n\t\t\t\t<div class=\"elementor-widget-container\">\n\t\t\t\t\t\t\t\t\tSzpiczak mnogi to rodzaj nowotworu, kt\u00f3ry rozwija si\u0119 w bia\u0142ych krwinkach, nazywanych kom\u00f3rkami plazmatycznymi, w szpiku kostnym. Pacjenci choruj\u0105cy na szpiczaka mnogiego mog\u0105 skorzysta\u0107 z wielu opcji leczenia tej choroby, kt\u00f3re jednak os\u0142abiaj\u0105 uk\u0142ad odporno\u015bciowy.\t\t\t\t\t\t\t\t<\/div>\n\t\t\t\t<\/div>\n\t\t\t\t<div class=\"elementor-element elementor-element-6703ff3 elementor-widget elementor-widget-text-editor\" data-id=\"6703ff3\" data-element_type=\"widget\" data-e-type=\"widget\" data-widget_type=\"text-editor.default\">\n\t\t\t\t<div class=\"elementor-widget-container\">\n\t\t\t\t\t\t\t\t\tObserwowany w ostatnich latach rozw\u00f3j metod leczenia pozwoli\u0142 na uzyskanie lepszych wynik\u00f3w w\u015br\u00f3d pacjent\u00f3w ze szpiczakiem mnogim. Jednak w zwi\u0105zku z tym wyst\u0119puje tak\u017ce zwi\u0119kszone zapotrzebowanie na terapie zapobiegaj\u0105ce zaka\u017ceniom, kt\u00f3re mog\u0105 wyst\u0105pi\u0107 w wyniku os\u0142abienia uk\u0142adu odporno\u015bciowego.\u00a0\u00a0\t\t\t\t\t\t\t\t<\/div>\n\t\t\t\t<\/div>\n\t\t\t\t<\/div>\n\t\t\t\t\t<\/div>\n\t\t\t\t<\/div>\n\t\t\t\t<\/div>","protected":false},"excerpt":{"rendered":"<p>Join the journey in advancing Multiple Myeloma research\u00a0 See if the MMyrelis clinical research study is right for you\u00a0 Learn more View video About Multiple Myeloma and Infections\u00a0 Multiple Myeloma is a type of cancer that forms in white blood cells, called plasma cells, in the bone marrow. Multiple Myeloma patients may be treated with [&hellip;]<\/p>\n","protected":false},"author":2,"featured_media":0,"parent":0,"menu_order":0,"comment_status":"closed","ping_status":"closed","template":"","meta":{"footnotes":""},"class_list":["post-20","page","type-page","status-publish","hentry"],"_links":{"self":[{"href":"https:\/\/mmyrelisstudy.com\/pl-pl\/wp-json\/wp\/v2\/pages\/20","targetHints":{"allow":["GET"]}}],"collection":[{"href":"https:\/\/mmyrelisstudy.com\/pl-pl\/wp-json\/wp\/v2\/pages"}],"about":[{"href":"https:\/\/mmyrelisstudy.com\/pl-pl\/wp-json\/wp\/v2\/types\/page"}],"author":[{"embeddable":true,"href":"https:\/\/mmyrelisstudy.com\/pl-pl\/wp-json\/wp\/v2\/users\/2"}],"replies":[{"embeddable":true,"href":"https:\/\/mmyrelisstudy.com\/pl-pl\/wp-json\/wp\/v2\/comments?post=20"}],"version-history":[{"count":0,"href":"https:\/\/mmyrelisstudy.com\/pl-pl\/wp-json\/wp\/v2\/pages\/20\/revisions"}],"wp:attachment":[{"href":"https:\/\/mmyrelisstudy.com\/pl-pl\/wp-json\/wp\/v2\/media?parent=20"}],"curies":[{"name":"wp","href":"https:\/\/api.w.org\/{rel}","templated":true}]}}