{"id":21,"date":"2024-06-06T18:04:42","date_gmt":"2024-06-06T18:04:42","guid":{"rendered":"https:\/\/mmyrelisstudy.wpenginepowered.com\/?page_id=21"},"modified":"2026-02-13T11:14:41","modified_gmt":"2026-02-13T11:14:41","slug":"who-can-participate","status":"publish","type":"page","link":"https:\/\/mmyrelisstudy.com\/hu-hu\/who-can-participate\/","title":{"rendered":"Ki vehet r\u00e9szt?"},"content":{"rendered":"<div data-elementor-type=\"wp-page\" data-elementor-id=\"21\" class=\"elementor elementor-21\" data-elementor-post-type=\"page\">\n\t\t\t\t<div class=\"elementor-element elementor-element-9382481 header-background e-flex e-con-boxed e-con e-parent\" data-id=\"9382481\" data-element_type=\"container\" data-e-type=\"container\" data-settings=\"{&quot;background_background&quot;:&quot;classic&quot;}\">\n\t\t\t\t\t<div class=\"e-con-inner\">\n\t\t<div class=\"elementor-element elementor-element-ae4ce38 e-flex e-con-boxed e-con e-child\" data-id=\"ae4ce38\" data-element_type=\"container\" data-e-type=\"container\">\n\t\t\t\t\t<div class=\"e-con-inner\">\n\t\t\t\t<div class=\"elementor-element elementor-element-19d5a9f elementor-widget__width-initial elementor-widget elementor-widget-heading\" data-id=\"19d5a9f\" data-element_type=\"widget\" data-e-type=\"widget\" data-widget_type=\"heading.default\">\n\t\t\t\t<div class=\"elementor-widget-container\">\n\t\t\t\t\t<h1 class=\"elementor-heading-title elementor-size-default\">Ki vehet r\u00e9szt?\u00a0<\/h1>\t\t\t\t<\/div>\n\t\t\t\t<\/div>\n\t\t\t\t\t<\/div>\n\t\t\t\t<\/div>\n\t\t<div class=\"elementor-element elementor-element-290aac1 e-flex e-con-boxed e-con e-child\" data-id=\"290aac1\" data-element_type=\"container\" data-e-type=\"container\">\n\t\t\t\t\t<div class=\"e-con-inner\">\n\t\t\t\t\t<\/div>\n\t\t\t\t<\/div>\n\t\t\t\t\t<\/div>\n\t\t\t\t<\/div>\n\t\t<div class=\"elementor-element elementor-element-47cb5ee e-flex e-con-boxed e-con e-parent\" data-id=\"47cb5ee\" data-element_type=\"container\" data-e-type=\"container\">\n\t\t\t\t\t<div class=\"e-con-inner\">\n\t\t<div class=\"elementor-element elementor-element-eba4b9a e-flex e-con-boxed e-con e-child\" data-id=\"eba4b9a\" data-element_type=\"container\" data-e-type=\"container\">\n\t\t\t\t\t<div class=\"e-con-inner\">\n\t\t\t\t<div class=\"elementor-element elementor-element-733107b elementor-widget elementor-widget-heading\" data-id=\"733107b\" data-element_type=\"widget\" data-e-type=\"widget\" data-widget_type=\"heading.default\">\n\t\t\t\t<div class=\"elementor-widget-container\">\n\t\t\t\t\t<h4 class=\"elementor-heading-title elementor-size-default\">Az MMyrelis klinikai kutat\u00e1si vizsg\u00e1latban r\u00e9sztvev\u0151kre vonatkoz\u00f3 felt\u00e9telek:\u00a0<\/h4>\t\t\t\t<\/div>\n\t\t\t\t<\/div>\n\t\t\t\t\t<\/div>\n\t\t\t\t<\/div>\n\t\t<div class=\"elementor-element elementor-element-c72b56b e-flex e-con-boxed e-con e-child\" data-id=\"c72b56b\" data-element_type=\"container\" data-e-type=\"container\">\n\t\t\t\t\t<div class=\"e-con-inner\">\n\t\t<div class=\"elementor-element elementor-element-e55a3ca e-flex e-con-boxed e-con e-child\" data-id=\"e55a3ca\" data-element_type=\"container\" data-e-type=\"container\" data-settings=\"{&quot;background_background&quot;:&quot;classic&quot;}\">\n\t\t\t\t\t<div class=\"e-con-inner\">\n\t\t\t\t<div class=\"elementor-element elementor-element-55e568e elementor-widget elementor-widget-image\" data-id=\"55e568e\" data-element_type=\"widget\" data-e-type=\"widget\" data-widget_type=\"image.default\">\n\t\t\t\t<div class=\"elementor-widget-container\">\n\t\t\t\t\t\t\t\t\t\t\t\t\t\t\t<img decoding=\"async\" width=\"171\" height=\"171\" src=\"https:\/\/mmyrelisstudy.com\/wp-content\/uploads\/2025\/04\/icon-one.png\" class=\"attachment-full size-full wp-image-133\" alt=\"\" srcset=\"https:\/\/mmyrelisstudy.com\/wp-content\/uploads\/2025\/04\/icon-one.png 171w, https:\/\/mmyrelisstudy.com\/wp-content\/uploads\/2025\/04\/icon-one-150x150.png 150w, https:\/\/mmyrelisstudy.com\/wp-content\/uploads\/2025\/04\/icon-one-12x12.png 12w\" sizes=\"(max-width: 171px) 100vw, 171px\" \/>\t\t\t\t\t\t\t\t\t\t\t\t\t\t\t<\/div>\n\t\t\t\t<\/div>\n\t\t<div class=\"elementor-element elementor-element-e15c84a e-flex e-con-boxed e-con e-child\" data-id=\"e15c84a\" data-element_type=\"container\" data-e-type=\"container\">\n\t\t\t\t\t<div class=\"e-con-inner\">\n\t\t\t\t<div class=\"elementor-element elementor-element-4d0337f elementor-widget elementor-widget-text-editor\" data-id=\"4d0337f\" data-element_type=\"widget\" data-e-type=\"widget\" data-widget_type=\"text-editor.default\">\n\t\t\t\t<div class=\"elementor-widget-container\">\n\t\t\t\t\t\t\t\t\t<strong>Legal\u00e1bb 18 \u00e9ves<\/strong>\t\t\t\t\t\t\t\t<\/div>\n\t\t\t\t<\/div>\n\t\t\t\t\t<\/div>\n\t\t\t\t<\/div>\n\t\t\t\t\t<\/div>\n\t\t\t\t<\/div>\n\t\t<div class=\"elementor-element elementor-element-5aa691e e-flex e-con-boxed e-con e-child\" data-id=\"5aa691e\" data-element_type=\"container\" data-e-type=\"container\" data-settings=\"{&quot;background_background&quot;:&quot;classic&quot;}\">\n\t\t\t\t\t<div class=\"e-con-inner\">\n\t\t\t\t<div class=\"elementor-element elementor-element-1660fc0 elementor-widget elementor-widget-image\" data-id=\"1660fc0\" data-element_type=\"widget\" data-e-type=\"widget\" data-widget_type=\"image.default\">\n\t\t\t\t<div class=\"elementor-widget-container\">\n\t\t\t\t\t\t\t\t\t\t\t\t\t\t\t<img decoding=\"async\" width=\"170\" height=\"171\" src=\"https:\/\/mmyrelisstudy.com\/wp-content\/uploads\/2025\/04\/icon-two.png\" class=\"attachment-full size-full wp-image-134\" alt=\"\" srcset=\"https:\/\/mmyrelisstudy.com\/wp-content\/uploads\/2025\/04\/icon-two.png 170w, https:\/\/mmyrelisstudy.com\/wp-content\/uploads\/2025\/04\/icon-two-150x150.png 150w, https:\/\/mmyrelisstudy.com\/wp-content\/uploads\/2025\/04\/icon-two-12x12.png 12w\" sizes=\"(max-width: 170px) 100vw, 170px\" \/>\t\t\t\t\t\t\t\t\t\t\t\t\t\t\t<\/div>\n\t\t\t\t<\/div>\n\t\t<div class=\"elementor-element elementor-element-fc6a536 e-flex e-con-boxed e-con e-child\" data-id=\"fc6a536\" data-element_type=\"container\" data-e-type=\"container\">\n\t\t\t\t\t<div class=\"e-con-inner\">\n\t\t\t\t<div class=\"elementor-element elementor-element-7c9f4f2 elementor-widget elementor-widget-text-editor\" data-id=\"7c9f4f2\" data-element_type=\"widget\" data-e-type=\"widget\" data-widget_type=\"text-editor.default\">\n\t\t\t\t<div class=\"elementor-widget-container\">\n\t\t\t\t\t\t\t\t\t<strong>Myeloma multiplexszel diagnosztiz\u00e1lt\u00e1k\u00a0\n<\/strong>\t\t\t\t\t\t\t\t<\/div>\n\t\t\t\t<\/div>\n\t\t\t\t\t<\/div>\n\t\t\t\t<\/div>\n\t\t\t\t\t<\/div>\n\t\t\t\t<\/div>\n\t\t<div class=\"elementor-element elementor-element-9788f22 e-flex e-con-boxed e-con e-child\" data-id=\"9788f22\" data-element_type=\"container\" data-e-type=\"container\" data-settings=\"{&quot;background_background&quot;:&quot;classic&quot;}\">\n\t\t\t\t\t<div class=\"e-con-inner\">\n\t\t\t\t<div class=\"elementor-element elementor-element-9c9706e elementor-widget elementor-widget-image\" data-id=\"9c9706e\" data-element_type=\"widget\" data-e-type=\"widget\" data-widget_type=\"image.default\">\n\t\t\t\t<div class=\"elementor-widget-container\">\n\t\t\t\t\t\t\t\t\t\t\t\t\t\t\t<img decoding=\"async\" width=\"171\" height=\"171\" src=\"https:\/\/mmyrelisstudy.com\/wp-content\/uploads\/2025\/04\/icon-three.png\" class=\"attachment-full size-full wp-image-135\" alt=\"\" srcset=\"https:\/\/mmyrelisstudy.com\/wp-content\/uploads\/2025\/04\/icon-three.png 171w, https:\/\/mmyrelisstudy.com\/wp-content\/uploads\/2025\/04\/icon-three-150x150.png 150w, https:\/\/mmyrelisstudy.com\/wp-content\/uploads\/2025\/04\/icon-three-12x12.png 12w\" sizes=\"(max-width: 171px) 100vw, 171px\" \/>\t\t\t\t\t\t\t\t\t\t\t\t\t\t\t<\/div>\n\t\t\t\t<\/div>\n\t\t<div class=\"elementor-element elementor-element-d761abb e-flex e-con-boxed e-con e-child\" data-id=\"d761abb\" data-element_type=\"container\" data-e-type=\"container\">\n\t\t\t\t\t<div class=\"e-con-inner\">\n\t\t\t\t<div class=\"elementor-element elementor-element-d96e4f2 elementor-widget elementor-widget-text-editor\" data-id=\"d96e4f2\" data-element_type=\"widget\" data-e-type=\"widget\" data-widget_type=\"text-editor.default\">\n\t\t\t\t<div class=\"elementor-widget-container\">\n\t\t\t\t\t\t\t\t\t<strong>Nemr\u00e9giben kezdt\u00e9k el a myeloma multiplex teclistamabbal t\u00f6rt\u00e9n\u0151 kezel\u00e9s\u00e9t\u00a0<\/strong>\t\t\t\t\t\t\t\t<\/div>\n\t\t\t\t<\/div>\n\t\t\t\t\t<\/div>\n\t\t\t\t<\/div>\n\t\t\t\t\t<\/div>\n\t\t\t\t<\/div>\n\t\t\t\t\t<\/div>\n\t\t\t\t<\/div>\n\t\t<div class=\"elementor-element elementor-element-10455c3 e-flex e-con-boxed e-con e-child\" data-id=\"10455c3\" data-element_type=\"container\" data-e-type=\"container\">\n\t\t\t\t\t<div class=\"e-con-inner\">\n\t\t\t\t<div class=\"elementor-element elementor-element-d978062 elementor-widget elementor-widget-text-editor\" data-id=\"d978062\" data-element_type=\"widget\" data-e-type=\"widget\" data-widget_type=\"text-editor.default\">\n\t\t\t\t<div class=\"elementor-widget-container\">\n\t\t\t\t\t\t\t\t\t**K\u00e9rj\u00fck, vegye figyelembe, hogy a vizsg\u00e1latban val\u00f3 r\u00e9szv\u00e9telnek egy\u00e9b felt\u00e9telei is vannak.\t\t\t\t\t\t\t\t<\/div>\n\t\t\t\t<\/div>\n\t\t\t\t<div class=\"elementor-element elementor-element-c8d6aaa elementor-widget elementor-widget-text-editor\" data-id=\"c8d6aaa\" data-element_type=\"widget\" data-e-type=\"widget\" data-widget_type=\"text-editor.default\">\n\t\t\t\t<div class=\"elementor-widget-container\">\n\t\t\t\t\t\t\t\t\tHa r\u00e9szt k\u00edv\u00e1n venni ebben a klinikai kutat\u00e1si vizsg\u00e1latban, kit\u00f6ltheti az al\u00e1bbi el\u0151sz\u0171r\u0151 k\u00e9rd\u0151\u00edvet, hogy megtudja, alkalmas lehet-e a r\u00e9szv\u00e9telre.\t\t\t\t\t\t\t\t<\/div>\n\t\t\t\t<\/div>\n\t\t\t\t\t<\/div>\n\t\t\t\t<\/div>\n\t\t\t\t\t<\/div>\n\t\t\t\t<\/div>\n\t\t<div class=\"elementor-element elementor-element-2cf6e79 e-flex e-con-boxed e-con e-parent\" data-id=\"2cf6e79\" data-element_type=\"container\" data-e-type=\"container\" id=\"questionnaire\">\n\t\t\t\t\t<div class=\"e-con-inner\">\n\t\t<div class=\"elementor-element elementor-element-4b7536a e-flex e-con-boxed e-con e-child\" data-id=\"4b7536a\" data-element_type=\"container\" data-e-type=\"container\">\n\t\t\t\t\t<div class=\"e-con-inner\">\n\t\t\t\t<div class=\"elementor-element elementor-element-3606ebd elementor-widget elementor-widget-heading\" data-id=\"3606ebd\" data-element_type=\"widget\" data-e-type=\"widget\" data-widget_type=\"heading.default\">\n\t\t\t\t<div class=\"elementor-widget-container\">\n\t\t\t\t\t<h2 class=\"elementor-heading-title elementor-size-default\">El\u0151sz\u0171r\u0151 k\u00e9rd\u0151\u00edv\u00a0<\/h2>\t\t\t\t<\/div>\n\t\t\t\t<\/div>\n\t\t\t\t<div class=\"elementor-element elementor-element-9221bf6 elementor-widget elementor-widget-text-editor\" data-id=\"9221bf6\" data-element_type=\"widget\" data-e-type=\"widget\" data-widget_type=\"text-editor.default\">\n\t\t\t\t<div class=\"elementor-widget-container\">\n\t\t\t\t\t\t\t\t\t\u00dcdv\u00f6z\u00f6lj\u00fck az MMyrelis klinikai kutat\u00e1si vizsg\u00e1lat el\u0151sz\u0171r\u0151 k\u00e9rd\u0151\u00edv\u00e9ben. K\u00e9rj\u00fck, l\u00e1togasson el a ClinLife glob\u00e1lis webalap\u00fa platformra, amely \u00f6sszek\u00f6ti a betegeket \u00e9s a vizsg\u00e1lati \u00f6nk\u00e9nteseket a relev\u00e1ns \u00e9s el\u00e9rhet\u0151 kutat\u00e1si vizsg\u00e1latokkal. Az al\u00e1bbi hivatkoz\u00e1s kattintva \u00d6n elhagyja ezt a weboldalt.\u00a0\t\t\t\t\t\t\t\t<\/div>\n\t\t\t\t<\/div>\n\t\t\t\t<div class=\"elementor-element elementor-element-eeb1693 elementor-widget elementor-widget-text-editor\" data-id=\"eeb1693\" data-element_type=\"widget\" data-e-type=\"widget\" data-widget_type=\"text-editor.default\">\n\t\t\t\t<div class=\"elementor-widget-container\">\n\t\t\t\t\t\t\t\t\t<p>Ha a v\u00e1laszai azt mutatj\u00e1k, hogy csatlakozhat a vizsg\u00e1lathoz, akkor meg tudja majd adni a c\u00edm\u00e9t, hogy megtal\u00e1lja a k\u00f6zel\u00e9ben l\u00e9v\u0151 vizsg\u00e1l\u00f3helyet. Az el\u0151sz\u0171r\u0151 k\u00e9rd\u0151\u00edvben szerepl\u0151 k\u00e9rd\u00e9sek megv\u00e1laszol\u00e1sa nem jelenti azt, hogy \u00d6nnek k\u00f6telez\u0151 r\u00e9szt vennie az MMyrelis klinikai kutat\u00e1si vizsg\u00e1latban.<\/p>\t\t\t\t\t\t\t\t<\/div>\n\t\t\t\t<\/div>\n\t\t\t\t\t<\/div>\n\t\t\t\t<\/div>\n\t\t<div class=\"elementor-element elementor-element-1368597 e-flex e-con-boxed e-con e-child\" data-id=\"1368597\" data-element_type=\"container\" data-e-type=\"container\">\n\t\t\t\t\t<div class=\"e-con-inner\">\n\t\t\t\t<div class=\"elementor-element elementor-element-efc88d7 elementor-widget elementor-widget-button\" data-id=\"efc88d7\" data-element_type=\"widget\" data-e-type=\"widget\" id=\"clin-life-btn\" data-widget_type=\"button.default\">\n\t\t\t\t<div class=\"elementor-widget-container\">\n\t\t\t\t\t\t\t\t\t<div class=\"elementor-button-wrapper\">\n\t\t\t\t\t<a class=\"elementor-button elementor-button-link elementor-size-sm\" href=\"https:\/\/clinlife.co.hu\/hu-HU\/screener\/2d56c308-4305-4ebd-927d-6d348c5c27d7?arStudySlug=1876-multiplemyeloma&amp;studyId=a07c2cef-a283-45a9-9e5d-d1abcd993350\" target=\"_blank\" rel=\"noopener\">\n\t\t\t\t\t\t<span class=\"elementor-button-content-wrapper\">\n\t\t\t\t\t\t\t\t\t<span class=\"elementor-button-text\">El\u0151sz\u0171r\u0151 k\u00e9rd\u0151\u00edv<\/span>\n\t\t\t\t\t<\/span>\n\t\t\t\t\t<\/a>\n\t\t\t\t<\/div>\n\t\t\t\t\t\t\t\t<\/div>\n\t\t\t\t<\/div>\n\t\t\t\t\t<\/div>\n\t\t\t\t<\/div>\n\t\t\t\t\t<\/div>\n\t\t\t\t<\/div>\n\t\t\t\t<\/div>","protected":false},"excerpt":{"rendered":"<p>Who Can Participate\u00a0 Participants in the MMyrelis clinical research study must:\u00a0 Be 18 years old or older Have been diagnosed with Multiple Myeloma\u00a0 Have recently started treatment for Multiple Myeloma with teclistamab\u00a0*Please note that there are other requirements to be eligible for this study.If you wish to take part in this clinical research study, you [&hellip;]<\/p>\n","protected":false},"author":2,"featured_media":0,"parent":0,"menu_order":0,"comment_status":"closed","ping_status":"closed","template":"","meta":{"footnotes":""},"class_list":["post-21","page","type-page","status-publish","hentry"],"_links":{"self":[{"href":"https:\/\/mmyrelisstudy.com\/hu-hu\/wp-json\/wp\/v2\/pages\/21","targetHints":{"allow":["GET"]}}],"collection":[{"href":"https:\/\/mmyrelisstudy.com\/hu-hu\/wp-json\/wp\/v2\/pages"}],"about":[{"href":"https:\/\/mmyrelisstudy.com\/hu-hu\/wp-json\/wp\/v2\/types\/page"}],"author":[{"embeddable":true,"href":"https:\/\/mmyrelisstudy.com\/hu-hu\/wp-json\/wp\/v2\/users\/2"}],"replies":[{"embeddable":true,"href":"https:\/\/mmyrelisstudy.com\/hu-hu\/wp-json\/wp\/v2\/comments?post=21"}],"version-history":[{"count":0,"href":"https:\/\/mmyrelisstudy.com\/hu-hu\/wp-json\/wp\/v2\/pages\/21\/revisions"}],"wp:attachment":[{"href":"https:\/\/mmyrelisstudy.com\/hu-hu\/wp-json\/wp\/v2\/media?parent=21"}],"curies":[{"name":"wp","href":"https:\/\/api.w.org\/{rel}","templated":true}]}}